{"id":2538,"date":"2023-04-02T16:30:55","date_gmt":"2023-04-02T14:30:55","guid":{"rendered":"https:\/\/agendarisk.no\/financial-crime\/"},"modified":"2023-08-14T09:50:26","modified_gmt":"2023-08-14T07:50:26","slug":"financial-crime","status":"publish","type":"page","link":"https:\/\/agendarisk.no\/en\/financial-crime\/","title":{"rendered":"Financial crime"},"content":{"rendered":"[et_pb_section fb_built=&#8221;1&#8243; fullwidth=&#8221;on&#8221; admin_label=&#8221;Page Header&#8221; _builder_version=&#8221;4.17.4&#8243; background_color=&#8221;RGBA(0,0,0,0)&#8221; use_background_color_gradient=&#8221;on&#8221; background_color_gradient_stops=&#8221;rgba(65,111,127,0.82) 0%|rgba(65,111,127,0.82) 100%&#8221; background_color_gradient_start=&#8221;rgba(65,111,127,0.82)&#8221; background_color_gradient_end=&#8221;rgba(65,111,127,0.82)&#8221; background_image=&#8221;https:\/\/agendarisk.no\/wp-content\/uploads\/2021\/05\/markus-spiske-ms6N-gBtbCQ-unsplash-scaled.jpg&#8221; global_colors_info=&#8221;{}&#8221;][et_pb_fullwidth_header title=&#8221;Financial crime&#8221; text_orientation=&#8221;center&#8221; admin_label=&#8221;Hero Section&#8221; _builder_version=&#8221;4.16&#8243; title_font=&#8221;Montserrat|on|||&#8221; title_font_size=&#8221;51px&#8221; title_line_height=&#8221;1.4em&#8221; content_font_size=&#8221;22px&#8221; content_line_height=&#8221;1.8em&#8221; subhead_font=&#8221;||||&#8221; background_color=&#8221;rgba(89,135,160,0.8)&#8221; custom_button_one=&#8221;on&#8221; button_one_text_size=&#8221;16px&#8221; button_one_bg_color=&#8221;#6eba01&#8243; button_one_border_width=&#8221;2px&#8221; button_one_border_color=&#8221;#6eba01&#8243; button_one_border_radius=&#8221;0&#8243; button_one_letter_spacing=&#8221;2&#8243; button_one_font=&#8221;Montserrat|||on|&#8221; button_one_use_icon=&#8221;off&#8221; custom_button_two=&#8221;on&#8221; button_two_text_size=&#8221;16px&#8221; button_two_border_width=&#8221;2px&#8221; button_two_border_color=&#8221;#ffffff&#8221; button_two_border_radius=&#8221;0&#8243; button_two_letter_spacing=&#8221;2&#8243; button_two_font=&#8221;Montserrat|||on|&#8221; button_two_use_icon=&#8221;off&#8221; module_alignment=&#8221;left&#8221; custom_padding=&#8221;5%||5%||false|false&#8221; animation_style=&#8221;fade&#8221; button_one_text_color_hover=&#8221;#6eba01&#8243; button_two_text_color_hover=&#8221;#6eba01&#8243; button_one_border_color_hover=&#8221;#ffffff&#8221; button_two_border_color_hover=&#8221;#ffffff&#8221; button_one_border_radius_hover=&#8221;0&#8243; button_two_border_radius_hover=&#8221;0&#8243; button_one_letter_spacing_hover=&#8221;2&#8243; button_two_letter_spacing_hover=&#8221;2&#8243; button_one_bg_color_hover=&#8221;#ffffff&#8221; button_two_bg_color_hover=&#8221;#ffffff&#8221; global_colors_info=&#8221;{}&#8221; button_one_text_size__hover_enabled=&#8221;off&#8221; button_two_text_size__hover_enabled=&#8221;off&#8221; button_one_text_color__hover_enabled=&#8221;on&#8221; button_one_text_color__hover=&#8221;#6eba01&#8243; button_two_text_color__hover_enabled=&#8221;on&#8221; button_two_text_color__hover=&#8221;#6eba01&#8243; button_one_border_width__hover_enabled=&#8221;off&#8221; button_two_border_width__hover_enabled=&#8221;off&#8221; button_one_border_color__hover_enabled=&#8221;on&#8221; button_one_border_color__hover=&#8221;#ffffff&#8221; button_two_border_color__hover_enabled=&#8221;on&#8221; button_two_border_color__hover=&#8221;#ffffff&#8221; button_one_border_radius__hover_enabled=&#8221;on&#8221; button_one_border_radius__hover=&#8221;0&#8243; button_two_border_radius__hover_enabled=&#8221;on&#8221; button_two_border_radius__hover=&#8221;0&#8243; button_one_letter_spacing__hover_enabled=&#8221;on&#8221; button_one_letter_spacing__hover=&#8221;2&#8243; button_two_letter_spacing__hover_enabled=&#8221;on&#8221; button_two_letter_spacing__hover=&#8221;2&#8243; button_one_bg_color__hover_enabled=&#8221;on&#8221; button_one_bg_color__hover=&#8221;#ffffff&#8221; button_two_bg_color__hover_enabled=&#8221;on&#8221; button_two_bg_color__hover=&#8221;#ffffff&#8221;][\/et_pb_fullwidth_header][\/et_pb_section][et_pb_section fb_built=&#8221;1&#8243; admin_label=&#8221;FAQ&#8221; _builder_version=&#8221;4.16&#8243; custom_padding=&#8221;44px|0px|42px|0px||&#8221; global_colors_info=&#8221;{}&#8221;][et_pb_row column_structure=&#8221;1_3,2_3&#8243; _builder_version=&#8221;4.16&#8243; background_size=&#8221;initial&#8221; background_position=&#8221;top_left&#8221; background_repeat=&#8221;repeat&#8221; custom_padding=&#8221;14px|0px|16px|0px||&#8221; hover_enabled=&#8221;0&#8243; custom_width_px=&#8221;710px&#8221; global_colors_info=&#8221;{}&#8221; sticky_enabled=&#8221;0&#8243;][et_pb_column type=&#8221;1_3&#8243; _builder_version=&#8221;4.16&#8243; background_position=&#8221;top_left&#8221; custom_padding=&#8221;|||&#8221; global_colors_info=&#8221;{}&#8221; custom_padding__hover=&#8221;|||&#8221;][et_pb_image src=&#8221;https:\/\/agendarisk.no\/wp-content\/uploads\/2023\/04\/AgendaRisk_Whitepaper1.jpg&#8221; alt=&#8221;financial crime&#8221; title_text=&#8221;AgendaRisk_Whitepaper1&#8243; _builder_version=&#8221;4.21.2&#8243; _module_preset=&#8221;default&#8221; global_colors_info=&#8221;{}&#8221;][\/et_pb_image][\/et_pb_column][et_pb_column type=&#8221;2_3&#8243; _builder_version=&#8221;4.16&#8243; background_position=&#8221;top_left&#8221; custom_padding=&#8221;|||&#8221; global_colors_info=&#8221;{}&#8221; custom_padding__hover=&#8221;|||&#8221;][et_pb_text admin_label=&#8221;FAQ Section Subtitle&#8221; _builder_version=&#8221;4.17.4&#8243; text_font_size=&#8221;19px&#8221; text_line_height=&#8221;1.9em&#8221; background_size=&#8221;initial&#8221; background_position=&#8221;top_left&#8221; background_repeat=&#8221;repeat&#8221; text_orientation=&#8221;center&#8221; module_alignment=&#8221;center&#8221; animation_style=&#8221;fold&#8221; animation_direction=&#8221;bottom&#8221; animation_intensity_fold=&#8221;20%&#8221; global_colors_info=&#8221;{}&#8221;]\n<h2>Fill in the form and receive the document<\/h2>\n<p><em>Once you have submitted the form, you will receive a PDF file of the document on <strong>Financial Crime.<\/strong><\/em><\/p>\n[\/et_pb_text][et_pb_code _builder_version=&#8221;4.17.4&#8243; _module_preset=&#8221;default&#8221; global_colors_info=&#8221;{}&#8221;]<div class=\"wpforms-container wpforms-container-full\" id=\"wpforms-2190\"><form id=\"wpforms-form-2190\" class=\"wpforms-validate wpforms-form wpforms-ajax-form\" data-formid=\"2190\" method=\"post\" enctype=\"multipart\/form-data\" action=\"\/en\/wp-json\/wp\/v2\/pages\/2538\" data-token=\"fda1c4b129469c8aabab8cec9a45ecd4\" data-token-time=\"1776775822\"><noscript class=\"wpforms-error-noscript\">Please enable JavaScript in your browser to complete this form.<\/noscript><div class=\"wpforms-field-container\"><div id=\"wpforms-2190-field_3-container\" class=\"wpforms-field wpforms-field-text wpforms-one-half wpforms-first\" data-field-id=\"3\"><label class=\"wpforms-field-label\" for=\"wpforms-2190-field_3\">Navn <span class=\"wpforms-required-label\">*<\/span><\/label><input type=\"text\" id=\"wpforms-2190-field_3\" class=\"wpforms-field-large wpforms-field-required\" name=\"wpforms[fields][3]\" placeholder=\"Navn\" required><\/div><div id=\"wpforms-2190-field_4-container\" class=\"wpforms-field wpforms-field-text wpforms-one-half\" data-field-id=\"4\"><label class=\"wpforms-field-label\" for=\"wpforms-2190-field_4\">Virksomhetsnavn<\/label><input type=\"text\" id=\"wpforms-2190-field_4\" class=\"wpforms-field-large\" name=\"wpforms[fields][4]\" placeholder=\"Virksomhetsnavn\" ><\/div><div id=\"wpforms-2190-field_1-container\" class=\"wpforms-field wpforms-field-email wpforms-one-half wpforms-first\" data-field-id=\"1\"><label class=\"wpforms-field-label\" for=\"wpforms-2190-field_1\">E-post <span class=\"wpforms-required-label\">*<\/span><\/label><input type=\"email\" id=\"wpforms-2190-field_1\" class=\"wpforms-field-large wpforms-field-required\" name=\"wpforms[fields][1]\" placeholder=\"E-post\" spellcheck=\"false\" required><\/div><div id=\"wpforms-2190-field_5-container\" class=\"wpforms-field wpforms-field-text wpforms-one-half\" data-field-id=\"5\"><label class=\"wpforms-field-label\" for=\"wpforms-2190-field_5\">Telefon<\/label><input type=\"text\" id=\"wpforms-2190-field_5\" class=\"wpforms-field-large\" name=\"wpforms[fields][5]\" placeholder=\"Telefon\" ><\/div><div id=\"wpforms-2190-field_6-container\" class=\"wpforms-field wpforms-field-checkbox\" data-field-id=\"6\"><label class=\"wpforms-field-label\">Vilk\u00e5r <span class=\"wpforms-required-label\">*<\/span><\/label><ul id=\"wpforms-2190-field_6\" class=\"wpforms-field-required\"><li class=\"choice-1 depth-1\"><input type=\"checkbox\" id=\"wpforms-2190-field_6_1\" name=\"wpforms[fields][6][]\" value=\"Jeg godtar vilk\u00e5rene\" required ><label class=\"wpforms-field-label-inline\" for=\"wpforms-2190-field_6_1\">Jeg godtar vilk\u00e5rene<\/label><\/li><\/ul><div class=\"wpforms-field-description\"><i>Jeg aksepterer samtidig at jeg i fremtiden kan motta nyhetsbrev eller lignende fra Agenda Risk AS. Jeg kan n\u00e5r som helst melde meg av slikt nyhetsbrev eller lignende, og kan samtidig n\u00e5r som helst be om at Agenda Risk fjerne mine kontaktopplysninger fra sin database. Vi viser videre til v\u00e5r erkl\u00e6ring om hvordan vi behandler personopplysninger i Agenda Risk: <a target=\"_blank\" href=\"https:\/\/agendarisk.no\/personvern\/\">Personvern<\/a><\/i><\/div><\/div><\/div><!-- .wpforms-field-container --><div class=\"wpforms-recaptcha-container wpforms-is-recaptcha wpforms-is-recaptcha-type-v3\" ><input type=\"hidden\" name=\"wpforms[recaptcha]\" value=\"\"><\/div><div class=\"wpforms-submit-container\" ><input type=\"hidden\" name=\"wpforms[id]\" value=\"2190\"><input type=\"hidden\" name=\"page_title\" value=\"\"><input type=\"hidden\" name=\"page_url\" value=\"https:\/\/agendarisk.no\/en\/wp-json\/wp\/v2\/pages\/2538\"><input type=\"hidden\" name=\"url_referer\" value=\"\"><button type=\"submit\" name=\"wpforms[submit]\" id=\"wpforms-submit-2190\" class=\"wpforms-submit\" data-alt-text=\"Sender...\" data-submit-text=\"Send\" aria-live=\"assertive\" value=\"wpforms-submit\">Send<\/button><img decoding=\"async\" data-src=\"https:\/\/agendarisk.no\/wp-content\/plugins\/wpforms\/assets\/images\/submit-spin.svg\" class=\"wpforms-submit-spinner lazyload\" style=\"--smush-placeholder-width: 26px; --smush-placeholder-aspect-ratio: 26\/26;display: none;\" width=\"26\" height=\"26\" alt=\"Loading\" src=\"data:image\/svg+xml;base64,PHN2ZyB3aWR0aD0iMSIgaGVpZ2h0PSIxIiB4bWxucz0iaHR0cDovL3d3dy53My5vcmcvMjAwMC9zdmciPjwvc3ZnPg==\"><\/div><\/form><\/div>  <!-- .wpforms-container -->[\/et_pb_code][\/et_pb_column][\/et_pb_row][\/et_pb_section]\n","protected":false},"excerpt":{"rendered":"<p>Fill in the form and receive the document Once you have submitted the form, you will receive a PDF file of the document on Financial Crime.<div class=\"wpforms-container wpforms-container-full\" id=\"wpforms-2190\"><form id=\"wpforms-form-2190\" class=\"wpforms-validate wpforms-form wpforms-ajax-form\" data-formid=\"2190\" method=\"post\" enctype=\"multipart\/form-data\" action=\"\/en\/wp-json\/wp\/v2\/pages\/2538\" data-token=\"fda1c4b129469c8aabab8cec9a45ecd4\" data-token-time=\"1776775822\"><noscript class=\"wpforms-error-noscript\">Please enable JavaScript in your browser to complete this form.<\/noscript><div class=\"wpforms-field-container\"><div id=\"wpforms-2190-field_3-container\" class=\"wpforms-field wpforms-field-text wpforms-one-half wpforms-first\" data-field-id=\"3\"><label class=\"wpforms-field-label\" for=\"wpforms-2190-field_3\">Navn <span class=\"wpforms-required-label\">*<\/span><\/label><input type=\"text\" id=\"wpforms-2190-field_3\" class=\"wpforms-field-large wpforms-field-required\" name=\"wpforms[fields][3]\" placeholder=\"Navn\" required><\/div><div id=\"wpforms-2190-field_4-container\" class=\"wpforms-field wpforms-field-text wpforms-one-half\" data-field-id=\"4\"><label class=\"wpforms-field-label\" for=\"wpforms-2190-field_4\">Virksomhetsnavn<\/label><input type=\"text\" id=\"wpforms-2190-field_4\" class=\"wpforms-field-large\" name=\"wpforms[fields][4]\" placeholder=\"Virksomhetsnavn\" ><\/div><div id=\"wpforms-2190-field_1-container\" class=\"wpforms-field wpforms-field-email wpforms-one-half wpforms-first\" data-field-id=\"1\"><label class=\"wpforms-field-label\" for=\"wpforms-2190-field_1\">E-post <span class=\"wpforms-required-label\">*<\/span><\/label><input type=\"email\" id=\"wpforms-2190-field_1\" class=\"wpforms-field-large wpforms-field-required\" name=\"wpforms[fields][1]\" placeholder=\"E-post\" spellcheck=\"false\" required><\/div><div id=\"wpforms-2190-field_5-container\" class=\"wpforms-field wpforms-field-text wpforms-one-half\" data-field-id=\"5\"><label class=\"wpforms-field-label\" for=\"wpforms-2190-field_5\">Telefon<\/label><input type=\"text\" id=\"wpforms-2190-field_5\" class=\"wpforms-field-large\" name=\"wpforms[fields][5]\" placeholder=\"Telefon\" ><\/div><div id=\"wpforms-2190-field_6-container\" class=\"wpforms-field wpforms-field-checkbox\" data-field-id=\"6\"><label class=\"wpforms-field-label\">Vilk\u00e5r <span class=\"wpforms-required-label\">*<\/span><\/label><ul id=\"wpforms-2190-field_6\" class=\"wpforms-field-required\"><li class=\"choice-1 depth-1\"><input type=\"checkbox\" id=\"wpforms-2190-field_6_1\" name=\"wpforms[fields][6][]\" value=\"Jeg godtar vilk\u00e5rene\" required ><label class=\"wpforms-field-label-inline\" for=\"wpforms-2190-field_6_1\">Jeg godtar vilk\u00e5rene<\/label><\/li><\/ul><div class=\"wpforms-field-description\"><i>Jeg aksepterer samtidig at jeg i fremtiden kan motta nyhetsbrev eller lignende fra Agenda Risk AS. Jeg kan n\u00e5r som helst melde meg av slikt nyhetsbrev eller lignende, og kan samtidig n\u00e5r som helst be om at Agenda Risk fjerne mine kontaktopplysninger fra sin database. Vi viser videre til v\u00e5r erkl\u00e6ring om hvordan vi behandler personopplysninger i Agenda Risk: <a target=\"_blank\" href=\"https:\/\/agendarisk.no\/personvern\/\">Personvern<\/a><\/i><\/div><\/div><\/div><!-- .wpforms-field-container --><div class=\"wpforms-recaptcha-container wpforms-is-recaptcha wpforms-is-recaptcha-type-v3\" ><input type=\"hidden\" name=\"wpforms[recaptcha]\" value=\"\"><\/div><div class=\"wpforms-submit-container\" ><input type=\"hidden\" name=\"wpforms[id]\" value=\"2190\"><input type=\"hidden\" name=\"page_title\" value=\"\"><input type=\"hidden\" name=\"page_url\" value=\"https:\/\/agendarisk.no\/en\/wp-json\/wp\/v2\/pages\/2538\"><input type=\"hidden\" name=\"url_referer\" value=\"\"><button type=\"submit\" name=\"wpforms[submit]\" id=\"wpforms-submit-2190\" class=\"wpforms-submit\" data-alt-text=\"Sender...\" data-submit-text=\"Send\" aria-live=\"assertive\" value=\"wpforms-submit\">Send<\/button><img decoding=\"async\" data-src=\"https:\/\/agendarisk.no\/wp-content\/plugins\/wpforms\/assets\/images\/submit-spin.svg\" class=\"wpforms-submit-spinner lazyload\" style=\"--smush-placeholder-width: 26px; --smush-placeholder-aspect-ratio: 26\/26;display: none;\" width=\"26\" height=\"26\" alt=\"Loading\" src=\"data:image\/svg+xml;base64,PHN2ZyB3aWR0aD0iMSIgaGVpZ2h0PSIxIiB4bWxucz0iaHR0cDovL3d3dy53My5vcmcvMjAwMC9zdmciPjwvc3ZnPg==\"><\/div><\/form><\/div>  <!-- .wpforms-container --><\/p>\n","protected":false},"author":11,"featured_media":0,"parent":0,"menu_order":0,"comment_status":"closed","ping_status":"closed","template":"","meta":{"_et_pb_use_builder":"on","_et_pb_old_content":"","_et_gb_content_width":"","footnotes":""},"class_list":["post-2538","page","type-page","status-publish","hentry"],"yoast_head":"<!-- This site is optimized with the Yoast SEO plugin v27.4 - https:\/\/yoast.com\/product\/yoast-seo-wordpress\/ -->\n<title>Financial crime - Agenda Risk<\/title>\n<meta name=\"description\" content=\"The Security Agreement (TRYGGHETSAVTALEN) assists you in maintaining control over GDPR compliance, financial crime, cyber risks, and responsible business operations.\" \/>\n<meta name=\"robots\" content=\"index, follow, max-snippet:-1, max-image-preview:large, max-video-preview:-1\" \/>\n<link rel=\"canonical\" href=\"https:\/\/agendarisk.no\/en\/financial-crime\/\" \/>\n<meta property=\"og:locale\" content=\"en_US\" \/>\n<meta property=\"og:type\" content=\"article\" \/>\n<meta property=\"og:title\" content=\"Financial crime - Agenda Risk\" \/>\n<meta property=\"og:description\" content=\"The Security Agreement (TRYGGHETSAVTALEN) assists you in maintaining control over GDPR compliance, financial crime, cyber risks, and responsible business operations.\" \/>\n<meta property=\"og:url\" content=\"https:\/\/agendarisk.no\/en\/financial-crime\/\" \/>\n<meta property=\"og:site_name\" content=\"Agenda Risk\" \/>\n<meta property=\"article:publisher\" content=\"https:\/\/www.facebook.com\/AgendaRisk\" \/>\n<meta property=\"article:modified_time\" content=\"2023-08-14T07:50:26+00:00\" \/>\n<meta name=\"twitter:card\" content=\"summary_large_image\" \/>\n<meta name=\"twitter:site\" content=\"@AgendaRisk\" \/>\n<meta name=\"twitter:label1\" content=\"Est. reading time\" \/>\n\t<meta name=\"twitter:data1\" content=\"3 minutes\" \/>\n<script type=\"application\/ld+json\" class=\"yoast-schema-graph\">{\"@context\":\"https:\\\/\\\/schema.org\",\"@graph\":[{\"@type\":\"WebPage\",\"@id\":\"https:\\\/\\\/agendarisk.no\\\/en\\\/financial-crime\\\/\",\"url\":\"https:\\\/\\\/agendarisk.no\\\/en\\\/financial-crime\\\/\",\"name\":\"Financial crime - Agenda Risk\",\"isPartOf\":{\"@id\":\"https:\\\/\\\/agendarisk.no\\\/en\\\/#website\"},\"datePublished\":\"2023-04-02T14:30:55+00:00\",\"dateModified\":\"2023-08-14T07:50:26+00:00\",\"description\":\"The Security Agreement (TRYGGHETSAVTALEN) assists you in maintaining control over GDPR compliance, financial crime, cyber risks, and responsible business operations.\",\"breadcrumb\":{\"@id\":\"https:\\\/\\\/agendarisk.no\\\/en\\\/financial-crime\\\/#breadcrumb\"},\"inLanguage\":\"en-US\",\"potentialAction\":[{\"@type\":\"ReadAction\",\"target\":[\"https:\\\/\\\/agendarisk.no\\\/en\\\/financial-crime\\\/\"]}]},{\"@type\":\"BreadcrumbList\",\"@id\":\"https:\\\/\\\/agendarisk.no\\\/en\\\/financial-crime\\\/#breadcrumb\",\"itemListElement\":[{\"@type\":\"ListItem\",\"position\":1,\"name\":\"Home\",\"item\":\"https:\\\/\\\/agendarisk.no\\\/en\\\/\"},{\"@type\":\"ListItem\",\"position\":2,\"name\":\"Financial crime\"}]},{\"@type\":\"WebSite\",\"@id\":\"https:\\\/\\\/agendarisk.no\\\/en\\\/#website\",\"url\":\"https:\\\/\\\/agendarisk.no\\\/en\\\/\",\"name\":\"Agenda Risk\",\"description\":\"Leverand\u00f8r av Risk Advisory tjenester\",\"publisher\":{\"@id\":\"https:\\\/\\\/agendarisk.no\\\/en\\\/#organization\"},\"potentialAction\":[{\"@type\":\"SearchAction\",\"target\":{\"@type\":\"EntryPoint\",\"urlTemplate\":\"https:\\\/\\\/agendarisk.no\\\/en\\\/?s={search_term_string}\"},\"query-input\":{\"@type\":\"PropertyValueSpecification\",\"valueRequired\":true,\"valueName\":\"search_term_string\"}}],\"inLanguage\":\"en-US\"},{\"@type\":\"Organization\",\"@id\":\"https:\\\/\\\/agendarisk.no\\\/en\\\/#organization\",\"name\":\"Agenda Risk\",\"url\":\"https:\\\/\\\/agendarisk.no\\\/en\\\/\",\"logo\":{\"@type\":\"ImageObject\",\"inLanguage\":\"en-US\",\"@id\":\"https:\\\/\\\/agendarisk.no\\\/en\\\/#\\\/schema\\\/logo\\\/image\\\/\",\"url\":\"https:\\\/\\\/agendarisk.no\\\/wp-content\\\/uploads\\\/2023\\\/08\\\/agenda-risk-logo.png\",\"contentUrl\":\"https:\\\/\\\/agendarisk.no\\\/wp-content\\\/uploads\\\/2023\\\/08\\\/agenda-risk-logo.png\",\"width\":600,\"height\":470,\"caption\":\"Agenda Risk\"},\"image\":{\"@id\":\"https:\\\/\\\/agendarisk.no\\\/en\\\/#\\\/schema\\\/logo\\\/image\\\/\"},\"sameAs\":[\"https:\\\/\\\/www.facebook.com\\\/AgendaRisk\",\"https:\\\/\\\/x.com\\\/AgendaRisk\",\"https:\\\/\\\/www.linkedin.com\\\/company\\\/72157870\\\/\"]}]}<\/script>\n<!-- \/ Yoast SEO plugin. -->","yoast_head_json":{"title":"Financial crime - Agenda Risk","description":"The Security Agreement (TRYGGHETSAVTALEN) assists you in maintaining control over GDPR compliance, financial crime, cyber risks, and responsible business operations.","robots":{"index":"index","follow":"follow","max-snippet":"max-snippet:-1","max-image-preview":"max-image-preview:large","max-video-preview":"max-video-preview:-1"},"canonical":"https:\/\/agendarisk.no\/en\/financial-crime\/","og_locale":"en_US","og_type":"article","og_title":"Financial crime - Agenda Risk","og_description":"The Security Agreement (TRYGGHETSAVTALEN) assists you in maintaining control over GDPR compliance, financial crime, cyber risks, and responsible business operations.","og_url":"https:\/\/agendarisk.no\/en\/financial-crime\/","og_site_name":"Agenda Risk","article_publisher":"https:\/\/www.facebook.com\/AgendaRisk","article_modified_time":"2023-08-14T07:50:26+00:00","twitter_card":"summary_large_image","twitter_site":"@AgendaRisk","twitter_misc":{"Est. reading time":"3 minutes"},"schema":{"@context":"https:\/\/schema.org","@graph":[{"@type":"WebPage","@id":"https:\/\/agendarisk.no\/en\/financial-crime\/","url":"https:\/\/agendarisk.no\/en\/financial-crime\/","name":"Financial crime - Agenda Risk","isPartOf":{"@id":"https:\/\/agendarisk.no\/en\/#website"},"datePublished":"2023-04-02T14:30:55+00:00","dateModified":"2023-08-14T07:50:26+00:00","description":"The Security Agreement (TRYGGHETSAVTALEN) assists you in maintaining control over GDPR compliance, financial crime, cyber risks, and responsible business operations.","breadcrumb":{"@id":"https:\/\/agendarisk.no\/en\/financial-crime\/#breadcrumb"},"inLanguage":"en-US","potentialAction":[{"@type":"ReadAction","target":["https:\/\/agendarisk.no\/en\/financial-crime\/"]}]},{"@type":"BreadcrumbList","@id":"https:\/\/agendarisk.no\/en\/financial-crime\/#breadcrumb","itemListElement":[{"@type":"ListItem","position":1,"name":"Home","item":"https:\/\/agendarisk.no\/en\/"},{"@type":"ListItem","position":2,"name":"Financial crime"}]},{"@type":"WebSite","@id":"https:\/\/agendarisk.no\/en\/#website","url":"https:\/\/agendarisk.no\/en\/","name":"Agenda Risk","description":"Leverand\u00f8r av Risk Advisory tjenester","publisher":{"@id":"https:\/\/agendarisk.no\/en\/#organization"},"potentialAction":[{"@type":"SearchAction","target":{"@type":"EntryPoint","urlTemplate":"https:\/\/agendarisk.no\/en\/?s={search_term_string}"},"query-input":{"@type":"PropertyValueSpecification","valueRequired":true,"valueName":"search_term_string"}}],"inLanguage":"en-US"},{"@type":"Organization","@id":"https:\/\/agendarisk.no\/en\/#organization","name":"Agenda Risk","url":"https:\/\/agendarisk.no\/en\/","logo":{"@type":"ImageObject","inLanguage":"en-US","@id":"https:\/\/agendarisk.no\/en\/#\/schema\/logo\/image\/","url":"https:\/\/agendarisk.no\/wp-content\/uploads\/2023\/08\/agenda-risk-logo.png","contentUrl":"https:\/\/agendarisk.no\/wp-content\/uploads\/2023\/08\/agenda-risk-logo.png","width":600,"height":470,"caption":"Agenda Risk"},"image":{"@id":"https:\/\/agendarisk.no\/en\/#\/schema\/logo\/image\/"},"sameAs":["https:\/\/www.facebook.com\/AgendaRisk","https:\/\/x.com\/AgendaRisk","https:\/\/www.linkedin.com\/company\/72157870\/"]}]}},"_links":{"self":[{"href":"https:\/\/agendarisk.no\/en\/wp-json\/wp\/v2\/pages\/2538","targetHints":{"allow":["GET"]}}],"collection":[{"href":"https:\/\/agendarisk.no\/en\/wp-json\/wp\/v2\/pages"}],"about":[{"href":"https:\/\/agendarisk.no\/en\/wp-json\/wp\/v2\/types\/page"}],"author":[{"embeddable":true,"href":"https:\/\/agendarisk.no\/en\/wp-json\/wp\/v2\/users\/11"}],"replies":[{"embeddable":true,"href":"https:\/\/agendarisk.no\/en\/wp-json\/wp\/v2\/comments?post=2538"}],"version-history":[{"count":0,"href":"https:\/\/agendarisk.no\/en\/wp-json\/wp\/v2\/pages\/2538\/revisions"}],"wp:attachment":[{"href":"https:\/\/agendarisk.no\/en\/wp-json\/wp\/v2\/media?parent=2538"}],"curies":[{"name":"wp","href":"https:\/\/api.w.org\/{rel}","templated":true}]}}